{"id":1295,"date":"2013-12-31T11:06:58","date_gmt":"2013-12-31T10:06:58","guid":{"rendered":"http:\/\/www.jeshua.fr\/?page_id=1295"},"modified":"2013-12-31T11:07:38","modified_gmt":"2013-12-31T10:07:38","slug":"films-evangile","status":"publish","type":"page","link":"https:\/\/www.jeshua.fr\/?page_id=1295","title":{"rendered":"Films \u00e9vangile"},"content":{"rendered":"<h5>Film HQ au plus pr\u00e8s de l&rsquo;\u00e9vangile selon Luc<br \/>\n<iframe loading=\"lazy\" src=\"\/\/www.youtube.com\/embed\/4BQZrqs_xYc\" height=\"315\" width=\"560\" allowfullscreen=\"\" frameborder=\"0\"><\/iframe><\/h5>\n","protected":false},"excerpt":{"rendered":"<p>Film HQ au plus pr\u00e8s de l&rsquo;\u00e9vangile selon Luc<\/p>\n","protected":false},"author":2,"featured_media":0,"parent":0,"menu_order":0,"comment_status":"closed","ping_status":"closed","template":"","meta":[],"aioseo_notices":[],"_links":{"self":[{"href":"https:\/\/www.jeshua.fr\/index.php?rest_route=\/wp\/v2\/pages\/1295"}],"collection":[{"href":"https:\/\/www.jeshua.fr\/index.php?rest_route=\/wp\/v2\/pages"}],"about":[{"href":"https:\/\/www.jeshua.fr\/index.php?rest_route=\/wp\/v2\/types\/page"}],"author":[{"embeddable":true,"href":"https:\/\/www.jeshua.fr\/index.php?rest_route=\/wp\/v2\/users\/2"}],"replies":[{"embeddable":true,"href":"https:\/\/www.jeshua.fr\/index.php?rest_route=%2Fwp%2Fv2%2Fcomments&post=1295"}],"version-history":[{"count":0,"href":"https:\/\/www.jeshua.fr\/index.php?rest_route=\/wp\/v2\/pages\/1295\/revisions"}],"wp:attachment":[{"href":"https:\/\/www.jeshua.fr\/index.php?rest_route=%2Fwp%2Fv2%2Fmedia&parent=1295"}],"curies":[{"name":"wp","href":"https:\/\/api.w.org\/{rel}","templated":true}]}}