{"id":1314,"date":"2014-01-23T16:48:25","date_gmt":"2014-01-23T15:48:25","guid":{"rendered":"http:\/\/www.jeshua.fr\/?page_id=1314"},"modified":"2014-01-23T17:05:29","modified_gmt":"2014-01-23T16:05:29","slug":"humour","status":"publish","type":"page","link":"https:\/\/www.jeshua.fr\/?page_id=1314","title":{"rendered":"Humour"},"content":{"rendered":"<p><!--nextpage--><\/p>\n<h5>2018, O\u00d9 QUAND L\u2019ARCHE DE NO\u00c9 EST COUL\u00c9E PAR L\u2019ADMINISTRATION FRAN\u00c7AISE<\/h5>\n<p><strong>En 2018 apr\u00e8s J\u00e9sus-Christ, Dieu visite un nouveau No\u00e9 et lui dit : \u00ab\u00a0Une fois encore, la terre est devenue invivable et surpeupl\u00e9e. Construis une arche et rassemble un couple de chaque \u00eatre vivant ainsi que quelques bons humains. Dans six mois, j\u2019envoie la pluie durant quarante jours et quarante nuits, et je d\u00e9truis tout !\u00a0\u00bb<\/strong><\/p>\n<p>Six mois plus tard, Dieu retourne visiter No\u00e9 et ne voit qu\u2019une \u00e9bauche de construction navale. Mais, No\u00e9, tu n\u2019as pratiquement rien fait ! Demain il commence \u00e0 pleuvoir !\u2019<\/p>\n<p>\u00ab\u00a0Pardonne-moi, Tout-Puissant, j\u2019ai fait tout mon possible mais les temps ont chang\u00e9 : j\u2019ai essay\u00e9 de b\u00e2tir l\u2019arche mais il faut un permis de construire et l\u2019inspecteur me fait des ennuis au sujet du syst\u00e8me d\u2019alarme anti-incendie.<\/p>\n<p>Mes voisins ont cr\u00e9\u00e9 une association parce que la construction de l\u2019\u00e9chafaudage dans ma cour viole le r\u00e8glement de copropri\u00e9t\u00e9 et obstrue leur vue. J\u2019ai d\u00fb recourir \u00e0 un conciliateur pour arriver \u00e0 un accord.<\/p>\n<p>L\u2019Urbanisme m\u2019a oblig\u00e9 \u00e0 r\u00e9aliser une \u00e9tude de faisabilit\u00e9 et a d\u00e9pos\u00e9 un m\u00e9moire sur les co\u00fbts des travaux n\u00e9cessaires pour transporter l\u2019arche jusqu\u2019\u00e0 la mer. Pas moyen de leur faire comprendre que la mer allait venir jusqu\u2019\u00e0 nous. Ils ont refus\u00e9 de me croire.<\/p>\n<p>La coupe du bois de construction navale s\u2019est heurt\u00e9e aux multiples associations pour la protection de l\u2019environnement sous le triple motif que je contribuais \u00e0 la d\u00e9forestation, que mon autorisation donn\u00e9e par les Eaux et For\u00eats n\u2019avait pas de valeur aux yeux du minist\u00e8re de l\u2019Environnement, et que cela d\u00e9truisait l\u2019habitat de plusieurs esp\u00e8ces animales. J\u2019ai pourtant expliqu\u00e9 qu\u2019il s\u2019agissait, au contraire de pr\u00e9server ces esp\u00e8ces, rien n\u2019y a fait.<\/p>\n<p>J\u2019avais \u00e0 peine commenc\u00e9 \u00e0 rassembler les couples d\u2019animaux que la SPA et WWF me sont tomb\u00e9s sur le dos pour acte de cruaut\u00e9 envers les animaux puisque je les soustrayais contre leur gr\u00e9 \u00e0 leur milieu naturel et que je les enfermais dans des pi\u00e8ces trop exigu\u00ebs.<\/p>\n<p>Ensuite, l\u2019agence gouvernementale pour le d\u00e9veloppement durable a exig\u00e9 une \u00e9tude de l\u2019impact sur l\u2019environnement de ce fameux d\u00e9luge.<\/p>\n<p>Dans le m\u00eame temps, je me d\u00e9battais avec le minist\u00e8re du Travail qui me reprochait de violer la l\u00e9gislation en utilisant des travailleurs b\u00e9n\u00e9voles. Je les avais embauch\u00e9s car les syndicats m\u2019avaient interdit d\u2019employer mes propres\u00a0 fils, disant que je ne devais employer que des travailleurs\u00a0 hautement qualifi\u00e9s et, dans tous les cas, syndiqu\u00e9s.<\/p>\n<p>Enfin, le Fisc a saisi tous mes avoirs, pr\u00e9textant que je me pr\u00e9parais \u00e0 fuir ill\u00e9galement le pays tandis que les douanes mena\u00e7aient de m\u2019assigner devant les tribunaux pour \u00ab\u00a0tentative de franchissement de fronti\u00e8re en possession d\u2019esp\u00e8ces prot\u00e9g\u00e9es ou reconnues comme dangereuses\u00a0\u00bb.<\/p>\n<p>Aussi, pardonne moi Tout-Puissant, mais j\u2019ai manqu\u00e9 de pers\u00e9v\u00e9rance et j\u2019ai abandonn\u00e9 ce projet\u00a0\u00bb\u2026<\/p>\n<p><strong>Aussit\u00f4t les nuages se sont dissip\u00e9s, un arc-en-ciel est apparu et le soleil a lui.<br \/>\n<\/strong><\/p>\n<p><strong>\u00ab\u00a0Mais tu renonces \u00e0 d\u00e9truire le monde?\u00a0\u00bb, demanda No\u00e9.<br \/>\n\u00ab\u00a0Inutile, r\u00e9pondit Dieu, l\u2019administration fran\u00e7aise est en train de s\u2019en charger.\u00a0\u00bb<\/strong><\/p>\n<p><!--nextpage--><\/p>\n<h5>\u00a0La travers\u00e9e de la mer rouge<\/h5>\n<p>Un th\u00e9ologien plut\u00f4t lib\u00e9ral se rend un dimanche dans une \u00e9glise o\u00f9 un groupe charismatique est en pleine louange.<br \/>\n-Lou\u00e9 sois-tu, Seigneur d\u2019avoir ouvert les eaux de la Mer Rouge au peuple d&rsquo;Isra\u00ebl!<br \/>\nLe sang du th\u00e9ologien lib\u00e9ral ne fait qu\u2019un tour et il ne peut s\u2019emp\u00eacher d\u2019intervenir publiquement pour expliquer comment les choses se sont v\u00e9ritablement pass\u00e9es.<br \/>\n-C&rsquo;\u00e9tait la mer des joncs, la mer des roseaux, une mer qui \u00e9tait peu profonde, 10 cm d\u2019eau \u00e0 peine, et Mo\u00efse connaissait des passages o\u00f9 il y avait encore moins d&rsquo;eau &#8230; Il a donc guid\u00e9 son peuple en un lieu o\u00f9 la mer \u00e9tait particuli\u00e8rement peu profonde, etc., etc.<br \/>\nL&rsquo;enthousiasme de l&rsquo;assembl\u00e9e se refroidit un peu \u2026 le th\u00e9ologien sort de l&rsquo;\u00e9glise, convaincu d&rsquo;avoir contribu\u00e9 \u00e0 \u00e9clairer des chr\u00e9tiens sur la compr\u00e9hension de l&rsquo;\u00c9criture. Mais \u00e0 peine sorti, il entend la louange qui reprend de plus belle. Il se pr\u00e9cipite \u00e0 l\u2019int\u00e9rieur de l\u2019\u00e9glise et qu\u2019est-ce qu\u2019il entend ?<br \/>\n-Lou\u00e9 sois-tu, Seigneur Dieu, Eternel des arm\u00e9es, Dieu tout puissant parce que toi seul es capable de noyer toute l\u2019arm\u00e9e d\u2019un pharaon dans 10 cm d\u2019eau!<\/p>\n","protected":false},"excerpt":{"rendered":"<p>2018, O\u00d9 QUAND L\u2019ARCHE DE NO\u00c9 EST COUL\u00c9E PAR L\u2019ADMINISTRATION FRAN\u00c7AISE En 2018 apr\u00e8s J\u00e9sus-Christ, Dieu visite un nouveau No\u00e9 et lui dit : \u00ab\u00a0Une fois encore, la terre est devenue invivable et surpeupl\u00e9e. Construis une arche et rassemble un couple de chaque \u00eatre vivant ainsi que quelques bons humains. Dans six mois, j\u2019envoie la [&hellip;]<\/p>\n","protected":false},"author":2,"featured_media":0,"parent":0,"menu_order":0,"comment_status":"closed","ping_status":"closed","template":"","meta":[],"aioseo_notices":[],"_links":{"self":[{"href":"https:\/\/www.jeshua.fr\/index.php?rest_route=\/wp\/v2\/pages\/1314"}],"collection":[{"href":"https:\/\/www.jeshua.fr\/index.php?rest_route=\/wp\/v2\/pages"}],"about":[{"href":"https:\/\/www.jeshua.fr\/index.php?rest_route=\/wp\/v2\/types\/page"}],"author":[{"embeddable":true,"href":"https:\/\/www.jeshua.fr\/index.php?rest_route=\/wp\/v2\/users\/2"}],"replies":[{"embeddable":true,"href":"https:\/\/www.jeshua.fr\/index.php?rest_route=%2Fwp%2Fv2%2Fcomments&post=1314"}],"version-history":[{"count":0,"href":"https:\/\/www.jeshua.fr\/index.php?rest_route=\/wp\/v2\/pages\/1314\/revisions"}],"wp:attachment":[{"href":"https:\/\/www.jeshua.fr\/index.php?rest_route=%2Fwp%2Fv2%2Fmedia&parent=1314"}],"curies":[{"name":"wp","href":"https:\/\/api.w.org\/{rel}","templated":true}]}}