{"id":1322,"date":"2014-01-29T13:43:47","date_gmt":"2014-01-29T12:43:47","guid":{"rendered":"http:\/\/www.jeshua.fr\/?page_id=1322"},"modified":"2014-01-29T13:46:19","modified_gmt":"2014-01-29T12:46:19","slug":"la-revelation-du-ciel","status":"publish","type":"page","link":"https:\/\/www.jeshua.fr\/?page_id=1322","title":{"rendered":"La r\u00e9v\u00e9lation du ciel"},"content":{"rendered":"<p>Kat Kerr est am\u00e9ricaine, elle re\u00e7oit depuis plus de 15 ans des r\u00e9v\u00e9lations extraordinaires sur le ciel et sur le c\u0153ur du P\u00e8re.<br \/>\nElle partage depuis peu ses exp\u00e9riences \u00e9tonnantes o\u00f9 Dieu l\u2019enl\u00e8ve par l\u2019esprit.<br \/>\nDes choses incroyables et d\u00e9taill\u00e9es lui sont montr\u00e9es qui nous ouvrent les yeux sur la r\u00e9alit\u00e9 du ciel qui souvent nous \u00e9chappe car nous avons bien souvent des id\u00e9es toutes pr\u00e9con\u00e7ues de l\u2019au-del\u00e0 et de ce que Dieu nous a pr\u00e9par\u00e9.<br \/>\nElle communique une vision toute nouvelle sur le ciel, un endroit extraordinaire fait plein d\u2019amusements et de surprises.<br \/>\nElle communique la foi, rassure sur notre avenir certain en Christ et la joie de bient\u00f4t se retrouver \u00e0 la maison au ciel.<br \/>\n<iframe loading=\"lazy\" width=\"560\" height=\"315\" src=\"\/\/www.youtube.com\/embed\/OB30m849QvY\" frameborder=\"0\" allowfullscreen><\/iframe><\/p>\n","protected":false},"excerpt":{"rendered":"<p>Kat Kerr est am\u00e9ricaine, elle re\u00e7oit depuis plus de 15 ans des r\u00e9v\u00e9lations extraordinaires sur le ciel et sur le c\u0153ur du P\u00e8re. Elle partage depuis peu ses exp\u00e9riences \u00e9tonnantes o\u00f9 Dieu l\u2019enl\u00e8ve par l\u2019esprit. Des choses incroyables et d\u00e9taill\u00e9es lui sont montr\u00e9es qui nous ouvrent les yeux sur la r\u00e9alit\u00e9 du ciel qui souvent [&hellip;]<\/p>\n","protected":false},"author":2,"featured_media":0,"parent":0,"menu_order":0,"comment_status":"open","ping_status":"open","template":"","meta":[],"aioseo_notices":[],"_links":{"self":[{"href":"https:\/\/www.jeshua.fr\/index.php?rest_route=\/wp\/v2\/pages\/1322"}],"collection":[{"href":"https:\/\/www.jeshua.fr\/index.php?rest_route=\/wp\/v2\/pages"}],"about":[{"href":"https:\/\/www.jeshua.fr\/index.php?rest_route=\/wp\/v2\/types\/page"}],"author":[{"embeddable":true,"href":"https:\/\/www.jeshua.fr\/index.php?rest_route=\/wp\/v2\/users\/2"}],"replies":[{"embeddable":true,"href":"https:\/\/www.jeshua.fr\/index.php?rest_route=%2Fwp%2Fv2%2Fcomments&post=1322"}],"version-history":[{"count":0,"href":"https:\/\/www.jeshua.fr\/index.php?rest_route=\/wp\/v2\/pages\/1322\/revisions"}],"wp:attachment":[{"href":"https:\/\/www.jeshua.fr\/index.php?rest_route=%2Fwp%2Fv2%2Fmedia&parent=1322"}],"curies":[{"name":"wp","href":"https:\/\/api.w.org\/{rel}","templated":true}]}}