{"id":1327,"date":"2014-01-31T17:24:23","date_gmt":"2014-01-31T16:24:23","guid":{"rendered":"http:\/\/www.jeshua.fr\/?page_id=1327"},"modified":"2022-08-29T11:49:50","modified_gmt":"2022-08-29T10:49:50","slug":"bible-david-martin","status":"publish","type":"page","link":"https:\/\/www.jeshua.fr\/?page_id=1327","title":{"rendered":"Bible David Martin"},"content":{"rendered":"<p>cette video pr\u00e9sente la 1\u00e8re \u00e9dition de la Bible Martin 1744, texte int\u00e9gral, en un fort volume cartonn\u00e9 de 800 pages avec un texte bien lisible et un glossaire de mots anciens, des conseils de lecture et un pr\u00e9cis de r\u00e9f\u00e9rences-cl\u00e9s pour l&rsquo;\u00e9tude de l&rsquo;Evangile du Salut offert par J\u00e9sus-Christ.<br \/>\nAucun groupement de pens\u00e9e ou autre d\u00e9nomination cultuelle n&rsquo;est impliqu\u00e9 dans cette \u00e9dition. Elle est le fruit d&rsquo;un travail b\u00e9n\u00e9vole entrepris par des chr\u00e9tiens engag\u00e9s depuis l&rsquo;an 2000 pour donner aux Enfants de Dieu une traduction biblique digne de Foi, bas\u00e9e sur les meilleurs textes originaux (textes h\u00e9breux massor\u00e9tiques et textes grecs du Texte re\u00e7u de la R\u00e9forme protestante).<br \/>\nInformations compl\u00e9mentaires disponibles sur les sites www.bibliorama.fr et www.biblemartin.com.<br \/>\n<iframe loading=\"lazy\" src=\"\/\/www.youtube.com\/embed\/ZX1BPMNUXMA\" allowfullscreen=\"\" width=\"560\" height=\"315\" frameborder=\"0\"><\/iframe><\/p>\n","protected":false},"excerpt":{"rendered":"<p>cette video pr\u00e9sente la 1\u00e8re \u00e9dition de la Bible Martin 1744, texte int\u00e9gral, en un fort volume cartonn\u00e9 de 800 pages avec un texte bien lisible et un glossaire de mots anciens, des conseils de lecture et un pr\u00e9cis de r\u00e9f\u00e9rences-cl\u00e9s pour l&rsquo;\u00e9tude de l&rsquo;Evangile du Salut offert par J\u00e9sus-Christ. Aucun groupement de pens\u00e9e ou [&hellip;]<\/p>\n","protected":false},"author":2,"featured_media":0,"parent":0,"menu_order":0,"comment_status":"closed","ping_status":"open","template":"","meta":[],"aioseo_notices":[],"_links":{"self":[{"href":"https:\/\/www.jeshua.fr\/index.php?rest_route=\/wp\/v2\/pages\/1327"}],"collection":[{"href":"https:\/\/www.jeshua.fr\/index.php?rest_route=\/wp\/v2\/pages"}],"about":[{"href":"https:\/\/www.jeshua.fr\/index.php?rest_route=\/wp\/v2\/types\/page"}],"author":[{"embeddable":true,"href":"https:\/\/www.jeshua.fr\/index.php?rest_route=\/wp\/v2\/users\/2"}],"replies":[{"embeddable":true,"href":"https:\/\/www.jeshua.fr\/index.php?rest_route=%2Fwp%2Fv2%2Fcomments&post=1327"}],"version-history":[{"count":1,"href":"https:\/\/www.jeshua.fr\/index.php?rest_route=\/wp\/v2\/pages\/1327\/revisions"}],"predecessor-version":[{"id":1406,"href":"https:\/\/www.jeshua.fr\/index.php?rest_route=\/wp\/v2\/pages\/1327\/revisions\/1406"}],"wp:attachment":[{"href":"https:\/\/www.jeshua.fr\/index.php?rest_route=%2Fwp%2Fv2%2Fmedia&parent=1327"}],"curies":[{"name":"wp","href":"https:\/\/api.w.org\/{rel}","templated":true}]}}