{"id":18,"date":"2013-11-12T14:36:21","date_gmt":"2013-11-12T13:36:21","guid":{"rendered":"http:\/\/www.jeshua.fr\/?page_id=18"},"modified":"2013-11-20T15:11:25","modified_gmt":"2013-11-20T14:11:25","slug":"accueil","status":"publish","type":"page","link":"https:\/\/www.jeshua.fr\/","title":{"rendered":"Accueil"},"content":{"rendered":"<div style=\"line-height: 25px;\">Un jour j&rsquo;ai fait une rencontre qui a chang\u00e9 radicalement ma vie.<br \/>\nIl n&rsquo;avance \u00e0 rien de demander des explications sur Dieu. Vous pouvez entendre de tr\u00e8s belles paroles, au fond ce sont des mots vides.<br \/>\nDe m\u00eame, vous pouvez lire une encyclop\u00e9die enti\u00e8re sur l&rsquo;amour et ne pas savoir ce qu&rsquo;est aimer.<\/div>\n<div style=\"line-height: 25px;\"><\/div>\n<div style=\"line-height: 25px;\">Le ma\u00eetre dit :<br \/>\nPersonne ne r\u00e9ussira \u00e0 prouver que Dieu n&rsquo;existe pas. Certaines choses dans la vie doivent \u00eatre v\u00e9cues, et jamais expliqu\u00e9es.<br \/>\nL&rsquo;amour en fait partie. Dieu \u2013 qui est amour \u2013 \u00e9galement. La foi est une exp\u00e9rience d&rsquo;enfant, au sens magique o\u00f9 J\u00e9sus a dit : \u00ab\u00a0Le Royaume des Cieux appartient aux enfants\u00a0\u00bb<br \/>\nDieu n&rsquo;entrera jamais dans votre t\u00eate. La porte par laquelle Il passe est votre coeur.<\/div>\n","protected":false},"excerpt":{"rendered":"<p>Un jour j&rsquo;ai fait une rencontre qui a chang\u00e9 radicalement ma vie. Il n&rsquo;avance \u00e0 rien de demander des explications sur Dieu. Vous pouvez entendre de tr\u00e8s belles paroles, au fond ce sont des mots vides. De m\u00eame, vous pouvez lire une encyclop\u00e9die enti\u00e8re sur l&rsquo;amour et ne pas savoir ce qu&rsquo;est aimer. Le ma\u00eetre [&hellip;]<\/p>\n","protected":false},"author":2,"featured_media":0,"parent":0,"menu_order":0,"comment_status":"closed","ping_status":"closed","template":"","meta":[],"aioseo_notices":[],"_links":{"self":[{"href":"https:\/\/www.jeshua.fr\/index.php?rest_route=\/wp\/v2\/pages\/18"}],"collection":[{"href":"https:\/\/www.jeshua.fr\/index.php?rest_route=\/wp\/v2\/pages"}],"about":[{"href":"https:\/\/www.jeshua.fr\/index.php?rest_route=\/wp\/v2\/types\/page"}],"author":[{"embeddable":true,"href":"https:\/\/www.jeshua.fr\/index.php?rest_route=\/wp\/v2\/users\/2"}],"replies":[{"embeddable":true,"href":"https:\/\/www.jeshua.fr\/index.php?rest_route=%2Fwp%2Fv2%2Fcomments&post=18"}],"version-history":[{"count":0,"href":"https:\/\/www.jeshua.fr\/index.php?rest_route=\/wp\/v2\/pages\/18\/revisions"}],"wp:attachment":[{"href":"https:\/\/www.jeshua.fr\/index.php?rest_route=%2Fwp%2Fv2%2Fmedia&parent=18"}],"curies":[{"name":"wp","href":"https:\/\/api.w.org\/{rel}","templated":true}]}}