{"id":536,"date":"2013-11-19T10:38:02","date_gmt":"2013-11-19T09:38:02","guid":{"rendered":"http:\/\/www.jeshua.fr\/?page_id=536"},"modified":"2022-09-16T10:13:15","modified_gmt":"2022-09-16T09:13:15","slug":"theophilos","status":"publish","type":"page","link":"https:\/\/www.jeshua.fr\/?page_id=536","title":{"rendered":"T\u00e9l\u00e9chargement"},"content":{"rendered":"<h5 style=\"text-align: center;\">Th\u00e9ophilos, le logiciel biblique gratuit, puissant, convivial, facilement configurable. N&rsquo;oubliez pas de mettre le logiciel en fran\u00e7ais une fois install\u00e9.<\/h5>\n<p style=\"text-align: center;\"><a title=\"T\u00e9l\u00e9chargement\" href=\"http:\/\/www.maximages.fr\/download\/theoinst.zip\" target=\"_blank\" rel=\"noopener\">&nbsp;T\u00e9l\u00e9chargement<\/a><\/p>\n<div id=\"attachment_1251\" style=\"width: 510px\" class=\"wp-caption aligncenter\"><a href=\"http:\/\/www.maximages.fr\/download\/theoinst.zip\" target=\"_blank\" rel=\"noopener\"><img aria-describedby=\"caption-attachment-1251\" decoding=\"async\" loading=\"lazy\" class=\" wp-image-1251   \" alt=\"theophilos\" src=\"http:\/\/www.jeshua.fr\/wp-content\/uploads\/2013\/11\/theo-300x233.png\" width=\"500\" height=\"400\"><\/a><p id=\"caption-attachment-1251\" class=\"wp-caption-text\">theophilos<\/p><\/div>\n<p style=\"text-align: center;\">La version de base ne comprend que la King James<\/p>\n<p style=\"text-align: center;\">T\u00e9l\u00e9chargez les versions fran\u00e7aises les plus courantes<\/p>\n<p><a style=\"line-height: 1.714285714; font-size: 1rem;\" href=\"http:\/\/www.maximages.fr\/download\/bdm.zip\" target=\"_blank\" rel=\"noopener\"><br \/>\n<\/a><a href=\"http:\/\/www.maximages.fr\/download\/Bibles.zip\" target=\"_blank\" rel=\"noopener\"><img decoding=\"async\" loading=\"lazy\" class=\"alignnone  wp-image-535\" alt=\"segond-Copie\" src=\"http:\/\/www.jeshua.fr\/wp-content\/uploads\/2013\/11\/segond-Copie.jpg\" width=\"90\" height=\"90\"><\/a><a href=\"http:\/\/www.maximages.fr\/download\/ost.zip\" target=\"_blank\" rel=\"noopener\"><img decoding=\"async\" loading=\"lazy\" class=\"alignnone  wp-image-534\" alt=\"osterwald-Copie\" src=\"http:\/\/www.jeshua.fr\/wp-content\/uploads\/2013\/11\/osterwald-Copie.jpg\" width=\"90\" height=\"90\"><\/a><a href=\"http:\/\/www.maximages.fr\/download\/fdby.zip\" target=\"_blank\" rel=\"noopener\"><img decoding=\"async\" loading=\"lazy\" class=\"alignnone  wp-image-532\" alt=\"darby-Copie\" src=\"http:\/\/www.jeshua.fr\/wp-content\/uploads\/2013\/11\/darby-Copie.jpg\" width=\"90\" height=\"90\"><\/a><a href=\"http:\/\/www.maximages.fr\/download\/bdm.zip\" target=\"_blank\" rel=\"noopener\"><img decoding=\"async\" loading=\"lazy\" class=\"alignnone  wp-image-533\" alt=\"martin-Copie\" src=\"http:\/\/www.jeshua.fr\/wp-content\/uploads\/2013\/11\/martin-Copie.jpg\" width=\"90\" height=\"90\"><\/a><\/p>\n<p>&nbsp;<\/p>\n<h5 style=\"text-align: center;\">Version pour smartphone<\/h5>\n<p style=\"text-align: center;\"><a href=\"https:\/\/www.bible.com\/fr\" target=\"_blank\" rel=\"noopener\"><img decoding=\"async\" loading=\"lazy\" class=\"alignnone  wp-image-865 aligncenter\" alt=\"YouVersion_312x212_587x327\" src=\"http:\/\/www.jeshua.fr\/wp-content\/uploads\/2013\/11\/YouVersion_312x212_587x327.jpg\" width=\"205\" height=\"200\"><\/a><\/p>\n","protected":false},"excerpt":{"rendered":"<p>Th\u00e9ophilos, le logiciel biblique gratuit, puissant, convivial, facilement configurable. N&rsquo;oubliez pas de mettre le logiciel en fran\u00e7ais une fois install\u00e9. &nbsp;T\u00e9l\u00e9chargement La version de base ne comprend que la King James T\u00e9l\u00e9chargez les versions fran\u00e7aises les plus courantes &nbsp; Version pour smartphone<\/p>\n","protected":false},"author":2,"featured_media":0,"parent":0,"menu_order":0,"comment_status":"closed","ping_status":"open","template":"","meta":[],"aioseo_notices":[],"_links":{"self":[{"href":"https:\/\/www.jeshua.fr\/index.php?rest_route=\/wp\/v2\/pages\/536"}],"collection":[{"href":"https:\/\/www.jeshua.fr\/index.php?rest_route=\/wp\/v2\/pages"}],"about":[{"href":"https:\/\/www.jeshua.fr\/index.php?rest_route=\/wp\/v2\/types\/page"}],"author":[{"embeddable":true,"href":"https:\/\/www.jeshua.fr\/index.php?rest_route=\/wp\/v2\/users\/2"}],"replies":[{"embeddable":true,"href":"https:\/\/www.jeshua.fr\/index.php?rest_route=%2Fwp%2Fv2%2Fcomments&post=536"}],"version-history":[{"count":1,"href":"https:\/\/www.jeshua.fr\/index.php?rest_route=\/wp\/v2\/pages\/536\/revisions"}],"predecessor-version":[{"id":1409,"href":"https:\/\/www.jeshua.fr\/index.php?rest_route=\/wp\/v2\/pages\/536\/revisions\/1409"}],"wp:attachment":[{"href":"https:\/\/www.jeshua.fr\/index.php?rest_route=%2Fwp%2Fv2%2Fmedia&parent=536"}],"curies":[{"name":"wp","href":"https:\/\/api.w.org\/{rel}","templated":true}]}}