{"id":578,"date":"2013-11-19T16:31:58","date_gmt":"2013-11-19T15:31:58","guid":{"rendered":"http:\/\/www.jeshua.fr\/?page_id=578"},"modified":"2022-08-29T11:49:30","modified_gmt":"2022-08-29T10:49:30","slug":"chants","status":"publish","type":"page","link":"https:\/\/www.jeshua.fr\/?page_id=578","title":{"rendered":"Chants"},"content":{"rendered":"<h5 id=\"watch-headline-title\">Shira Chadasha Boys Choir<\/h5>\n<p><iframe loading=\"lazy\" src=\"\/\/www.youtube.com\/embed\/8NIxqHJrL68\" allowfullscreen=\"\" width=\"420\" height=\"315\" frameborder=\"0\"><\/iframe><\/p>\n<h5 id=\"watch-headline-title\">BARBRA STREISAND&nbsp;&#8211; AVINU MALKEINU<\/h5>\n<p><iframe loading=\"lazy\" src=\"\/\/www.youtube.com\/embed\/0YONAP39jVE\" allowfullscreen=\"\" width=\"420\" height=\"315\" frameborder=\"0\"><\/iframe><\/p>\n<h5 id=\"watch-headline-title\">Notre P\u00e8re en H\u00e9breu<\/h5>\n<p><iframe loading=\"lazy\" src=\"\/\/www.youtube.com\/embed\/65FLHn_cObI?list=PLAF13AA6341F8B5F5\" allowfullscreen=\"\" width=\"560\" height=\"315\" frameborder=\"0\"><\/iframe><\/p>\n<h3>Notre P\u00e8re en aram\u00e9en<\/h3>\n<p><iframe loading=\"lazy\" src=\"\/\/www.youtube.com\/embed\/mBVA3meymMs\" allowfullscreen=\"\" width=\"560\" height=\"315\" frameborder=\"0\"><\/iframe><\/p>\n<h5 id=\"watch-headline-title\">Kadoish, Kadoish, Kadoish, Adonai, Tsabayoth<\/h5>\n<p><iframe loading=\"lazy\" src=\"\/\/www.youtube.com\/embed\/I5P4grkope8\" allowfullscreen=\"\" width=\"560\" height=\"315\" frameborder=\"0\"><\/iframe><\/p>\n<h5 id=\"watch-headline-title\">Liel Kolet &#8211; \u00ab\u00a0Elohim Sheli\u00a0\u00bb<\/h5>\n<p><iframe loading=\"lazy\" src=\"\/\/www.youtube.com\/embed\/cEQca7O6_vg\" allowfullscreen=\"\" width=\"420\" height=\"315\" frameborder=\"0\"><\/iframe><\/p>\n<h5 id=\"watch-headline-title\">Miami Boys Choir &#8211; At Rehearsal<\/h5>\n<p><iframe loading=\"lazy\" src=\"\/\/www.youtube.com\/embed\/YqHrKc0DEgw\" allowfullscreen=\"\" width=\"420\" height=\"315\" frameborder=\"0\"><\/iframe><\/p>\n<h5 id=\"watch-headline-title\">My love Israel<\/h5>\n<p><iframe loading=\"lazy\" src=\"\/\/www.youtube.com\/embed\/Gd1wAGYpv0Y\" allowfullscreen=\"\" width=\"420\" height=\"315\" frameborder=\"0\"><\/iframe><\/p>\n<h5>Yeshua<\/h5>\n<p><iframe loading=\"lazy\" src=\"\/\/www.youtube.com\/embed\/l0g9RMydGMk\" allowfullscreen=\"\" width=\"420\" height=\"315\" frameborder=\"0\"><\/iframe><br \/>\n&nbsp;<\/p>\n","protected":false},"excerpt":{"rendered":"<p>Shira Chadasha Boys Choir BARBRA STREISAND&nbsp;&#8211; AVINU MALKEINU Notre P\u00e8re en H\u00e9breu Notre P\u00e8re en aram\u00e9en Kadoish, Kadoish, Kadoish, Adonai, Tsabayoth Liel Kolet &#8211; \u00ab\u00a0Elohim Sheli\u00a0\u00bb Miami Boys Choir &#8211; At Rehearsal My love Israel Yeshua &nbsp;<\/p>\n","protected":false},"author":2,"featured_media":0,"parent":0,"menu_order":0,"comment_status":"closed","ping_status":"open","template":"","meta":[],"aioseo_notices":[],"_links":{"self":[{"href":"https:\/\/www.jeshua.fr\/index.php?rest_route=\/wp\/v2\/pages\/578"}],"collection":[{"href":"https:\/\/www.jeshua.fr\/index.php?rest_route=\/wp\/v2\/pages"}],"about":[{"href":"https:\/\/www.jeshua.fr\/index.php?rest_route=\/wp\/v2\/types\/page"}],"author":[{"embeddable":true,"href":"https:\/\/www.jeshua.fr\/index.php?rest_route=\/wp\/v2\/users\/2"}],"replies":[{"embeddable":true,"href":"https:\/\/www.jeshua.fr\/index.php?rest_route=%2Fwp%2Fv2%2Fcomments&post=578"}],"version-history":[{"count":1,"href":"https:\/\/www.jeshua.fr\/index.php?rest_route=\/wp\/v2\/pages\/578\/revisions"}],"predecessor-version":[{"id":1405,"href":"https:\/\/www.jeshua.fr\/index.php?rest_route=\/wp\/v2\/pages\/578\/revisions\/1405"}],"wp:attachment":[{"href":"https:\/\/www.jeshua.fr\/index.php?rest_route=%2Fwp%2Fv2%2Fmedia&parent=578"}],"curies":[{"name":"wp","href":"https:\/\/api.w.org\/{rel}","templated":true}]}}