{"id":785,"date":"2013-11-20T13:54:34","date_gmt":"2013-11-20T12:54:34","guid":{"rendered":"http:\/\/www.jeshua.fr\/?page_id=785"},"modified":"2013-11-21T08:37:35","modified_gmt":"2013-11-21T07:37:35","slug":"texte-original","status":"publish","type":"page","link":"https:\/\/www.jeshua.fr\/?page_id=785","title":{"rendered":"La Bible en h\u00e9breu"},"content":{"rendered":"<h5 style=\"text-align: center;\">Bible H\u00e9breu\/Fran\u00e7ais<br \/>\n<a href=\"http:\/\/www.sefarim.fr\/\" target=\"_blank\"><img decoding=\"async\" loading=\"lazy\" alt=\"hebreubible\" src=\"http:\/\/www.jeshua.fr\/wp-content\/uploads\/2013\/11\/hebreubible-224x300.png\" width=\"224\" height=\"300\" \/><\/a><\/h5>\n<h5 style=\"text-align: center;\">Apprendre l&rsquo;h\u00e9breu biblique<br \/>\n<a style=\"line-height: 1.714285714; font-size: 1rem;\" href=\"http:\/\/www.massorti.com\/L-hebreu-n-est-pas-de-l-hebreu\" target=\"_blank\"><img decoding=\"async\" loading=\"lazy\" class=\"alignnone size-medium wp-image-786\" alt=\"logo\" src=\"http:\/\/www.jeshua.fr\/wp-content\/uploads\/2013\/11\/logo-300x38.gif\" width=\"300\" height=\"38\" srcset=\"https:\/\/www.jeshua.fr\/wp-content\/uploads\/2013\/11\/logo-300x38.gif 300w, https:\/\/www.jeshua.fr\/wp-content\/uploads\/2013\/11\/logo-624x80.gif 624w\" sizes=\"(max-width: 300px) 100vw, 300px\" \/><\/a><\/h5>\n<h5 style=\"text-align: center;\">Apprendre le grec biblique<br \/>\n<a style=\"line-height: 1.714285714; font-size: 1rem;\" href=\"http:\/\/www.bibliques.com\/weft\/gr\/glec0a.php\" target=\"_blank\"><img decoding=\"async\" loading=\"lazy\" class=\"alignnone size-medium wp-image-791\" alt=\"LogoUneTeal\" src=\"http:\/\/www.jeshua.fr\/wp-content\/uploads\/2013\/11\/LogoUneTeal-300x122.png\" width=\"300\" height=\"122\" srcset=\"https:\/\/www.jeshua.fr\/wp-content\/uploads\/2013\/11\/LogoUneTeal-300x122.png 300w, https:\/\/www.jeshua.fr\/wp-content\/uploads\/2013\/11\/LogoUneTeal.png 426w\" sizes=\"(max-width: 300px) 100vw, 300px\" \/><\/a><\/h5>\n<h5 style=\"text-align: center;\">Lexique h\u00e9breu &#8211; Grec &#8211; latin<br \/>\n<a style=\"line-height: 1.714285714; font-size: 1rem;\" href=\"http:\/\/www.lexilogos.com\/bible_hebreu_grec.htm\" target=\"_blank\"><img decoding=\"async\" loading=\"lazy\" class=\"alignnone size-medium wp-image-792\" alt=\"lexilogo\" src=\"http:\/\/www.jeshua.fr\/wp-content\/uploads\/2013\/11\/lexilogo1-300x71.jpg\" width=\"300\" height=\"71\" srcset=\"https:\/\/www.jeshua.fr\/wp-content\/uploads\/2013\/11\/lexilogo1-300x71.jpg 300w, https:\/\/www.jeshua.fr\/wp-content\/uploads\/2013\/11\/lexilogo1.jpg 315w\" sizes=\"(max-width: 300px) 100vw, 300px\" \/><\/a><\/h5>\n<p style=\"text-align: center;\">\n<h5 style=\"text-align: center;\"><\/h5>\n<p style=\"text-align: center;\">\n","protected":false},"excerpt":{"rendered":"<p>Bible H\u00e9breu\/Fran\u00e7ais Apprendre l&rsquo;h\u00e9breu biblique Apprendre le grec biblique Lexique h\u00e9breu &#8211; Grec &#8211; latin<\/p>\n","protected":false},"author":2,"featured_media":0,"parent":0,"menu_order":0,"comment_status":"closed","ping_status":"closed","template":"","meta":[],"aioseo_notices":[],"_links":{"self":[{"href":"https:\/\/www.jeshua.fr\/index.php?rest_route=\/wp\/v2\/pages\/785"}],"collection":[{"href":"https:\/\/www.jeshua.fr\/index.php?rest_route=\/wp\/v2\/pages"}],"about":[{"href":"https:\/\/www.jeshua.fr\/index.php?rest_route=\/wp\/v2\/types\/page"}],"author":[{"embeddable":true,"href":"https:\/\/www.jeshua.fr\/index.php?rest_route=\/wp\/v2\/users\/2"}],"replies":[{"embeddable":true,"href":"https:\/\/www.jeshua.fr\/index.php?rest_route=%2Fwp%2Fv2%2Fcomments&post=785"}],"version-history":[{"count":0,"href":"https:\/\/www.jeshua.fr\/index.php?rest_route=\/wp\/v2\/pages\/785\/revisions"}],"wp:attachment":[{"href":"https:\/\/www.jeshua.fr\/index.php?rest_route=%2Fwp%2Fv2%2Fmedia&parent=785"}],"curies":[{"name":"wp","href":"https:\/\/api.w.org\/{rel}","templated":true}]}}